{"id":1882,"date":"2021-09-29T11:39:31","date_gmt":"2021-09-29T09:39:31","guid":{"rendered":"https:\/\/totsacasa.santjosep.org\/tradicion-y-cultura\/units-pel-nostre-parlar\/lorigen-de-la-gonella-negra\/"},"modified":"2021-11-22T14:20:42","modified_gmt":"2021-11-22T13:20:42","slug":"sa-mudada-mes-antiga-peca-a-peca","status":"publish","type":"page","link":"https:\/\/totsacasa.santjosep.org\/es\/tradicion-y-cultura\/units-pel-nostre-parlar\/sa-mudada-mes-antiga-peca-a-peca\/","title":{"rendered":"Sa mudada m\u00e9s antiga. Pe\u00e7a a pe\u00e7a"},"content":{"rendered":"[vc_row type=\u00bbin_container\u00bb full_screen_row_position=\u00bbmiddle\u00bb column_margin=\u00bbdefault\u00bb column_direction=\u00bbdefault\u00bb column_direction_tablet=\u00bbdefault\u00bb column_direction_phone=\u00bbdefault\u00bb scene_position=\u00bbcenter\u00bb top_padding=\u00bb50px\u00bb top_padding_tablet=\u00bb50px\u00bb top_padding_phone=\u00bb50px\u00bb text_color=\u00bbdark\u00bb text_align=\u00bbleft\u00bb row_border_radius=\u00bbnone\u00bb row_border_radius_applies=\u00bbbg\u00bb overlay_strength=\u00bb0.3&#8243; gradient_direction=\u00bbleft_to_right\u00bb shape_divider_position=\u00bbbottom\u00bb bg_image_animation=\u00bbnone\u00bb shape_type=\u00bb\u00bb][vc_column column_padding=\u00bbno-extra-padding\u00bb column_padding_tablet=\u00bbinherit\u00bb column_padding_phone=\u00bbinherit\u00bb column_padding_position=\u00bball\u00bb background_color_opacity=\u00bb1&#8243; background_hover_color_opacity=\u00bb1&#8243; column_shadow=\u00bbnone\u00bb column_border_radius=\u00bbnone\u00bb column_link_target=\u00bb_self\u00bb gradient_direction=\u00bbleft_to_right\u00bb overlay_strength=\u00bb0.3&#8243; width=\u00bb1\/1&#8243; tablet_width_inherit=\u00bbdefault\u00bb tablet_text_alignment=\u00bbdefault\u00bb phone_text_alignment=\u00bbdefault\u00bb column_border_width=\u00bbnone\u00bb column_border_style=\u00bbsolid\u00bb bg_image_animation=\u00bbnone\u00bb][vc_column_text]\n<h3><em>Sa mudada m\u00e9s antiga. Pe\u00e7a a pe\u00e7a<\/em><\/h3>\n<h5>V\u00eddeo<\/h5>\n<p>El Grup Folkl\u00f2ric de Sant Jordi de Ses Salines ens explica tot el que es pot saber d&#8217;aquesta indument\u00e0ria, la m\u00e9s diferent de les que tradicionalment es veuen a les ballades[\/vc_column_text][\/vc_column][\/vc_row][vc_row type=\u00bbin_container\u00bb full_screen_row_position=\u00bbmiddle\u00bb column_margin=\u00bbdefault\u00bb column_direction=\u00bbdefault\u00bb column_direction_tablet=\u00bbdefault\u00bb column_direction_phone=\u00bbdefault\u00bb scene_position=\u00bbcenter\u00bb text_color=\u00bbdark\u00bb text_align=\u00bbleft\u00bb row_border_radius=\u00bbnone\u00bb row_border_radius_applies=\u00bbbg\u00bb overlay_strength=\u00bb0.3&#8243; gradient_direction=\u00bbleft_to_right\u00bb shape_divider_position=\u00bbbottom\u00bb bg_image_animation=\u00bbnone\u00bb][vc_column column_padding=\u00bbno-extra-padding\u00bb column_padding_tablet=\u00bbinherit\u00bb column_padding_phone=\u00bbinherit\u00bb column_padding_position=\u00bball\u00bb background_color_opacity=\u00bb1&#8243; background_hover_color_opacity=\u00bb1&#8243; column_shadow=\u00bbnone\u00bb column_border_radius=\u00bbnone\u00bb column_link_target=\u00bb_self\u00bb gradient_direction=\u00bbleft_to_right\u00bb overlay_strength=\u00bb0.3&#8243; width=\u00bb1\/1&#8243; tablet_width_inherit=\u00bbdefault\u00bb tablet_text_alignment=\u00bbdefault\u00bb phone_text_alignment=\u00bbdefault\u00bb column_border_width=\u00bbnone\u00bb column_border_style=\u00bbsolid\u00bb bg_image_animation=\u00bbnone\u00bb][vc_video link=\u00bbhttps:\/\/www.youtube.com\/watch?v=4X8pQS_PKw8&#8243;][\/vc_column][\/vc_row][vc_row type=\u00bbin_container\u00bb full_screen_row_position=\u00bbmiddle\u00bb column_margin=\u00bbdefault\u00bb column_direction=\u00bbdefault\u00bb column_direction_tablet=\u00bbdefault\u00bb column_direction_phone=\u00bbdefault\u00bb scene_position=\u00bbcenter\u00bb text_color=\u00bbdark\u00bb text_align=\u00bbleft\u00bb row_border_radius=\u00bbnone\u00bb row_border_radius_applies=\u00bbbg\u00bb overlay_strength=\u00bb0.3&#8243; gradient_direction=\u00bbleft_to_right\u00bb shape_divider_position=\u00bbbottom\u00bb bg_image_animation=\u00bbnone\u00bb][vc_column column_padding=\u00bbno-extra-padding\u00bb column_padding_tablet=\u00bbinherit\u00bb column_padding_phone=\u00bbinherit\u00bb column_padding_position=\u00bball\u00bb background_color_opacity=\u00bb1&#8243; background_hover_color_opacity=\u00bb1&#8243; column_shadow=\u00bbnone\u00bb column_border_radius=\u00bbnone\u00bb column_link_target=\u00bb_self\u00bb gradient_direction=\u00bbleft_to_right\u00bb overlay_strength=\u00bb0.3&#8243; width=\u00bb1\/1&#8243; tablet_width_inherit=\u00bbdefault\u00bb tablet_text_alignment=\u00bbdefault\u00bb phone_text_alignment=\u00bbdefault\u00bb column_border_width=\u00bbnone\u00bb column_border_style=\u00bbsolid\u00bb bg_image_animation=\u00bbnone\u00bb][image_with_animation image_url=\u00bb1626&#8243; animation=\u00bbFade In\u00bb hover_animation=\u00bbnone\u00bb alignment=\u00bbcenter\u00bb border_radius=\u00bbnone\u00bb box_shadow=\u00bbnone\u00bb image_loading=\u00bbdefault\u00bb max_width=\u00bb100%\u00bb max_width_mobile=\u00bbdefault\u00bb][\/vc_column][\/vc_row]\n","protected":false},"excerpt":{"rendered":"<p>[vc_row type=\u00bbin_container\u00bb full_screen_row_position=\u00bbmiddle\u00bb column_margin=\u00bbdefault\u00bb column_direction=\u00bbdefault\u00bb column_direction_tablet=\u00bbdefault\u00bb column_direction_phone=\u00bbdefault\u00bb scene_position=\u00bbcenter\u00bb top_padding=\u00bb50px\u00bb top_padding_tablet=\u00bb50px\u00bb top_padding_phone=\u00bb50px\u00bb text_color=\u00bbdark\u00bb text_align=\u00bbleft\u00bb row_border_radius=\u00bbnone\u00bb row_border_radius_applies=\u00bbbg\u00bb overlay_strength=\u00bb0.3&#8243; gradient_direction=\u00bbleft_to_right\u00bb shape_divider_position=\u00bbbottom\u00bb bg_image_animation=\u00bbnone\u00bb shape_type=\u00bb\u00bb][vc_column column_padding=\u00bbno-extra-padding\u00bb column_padding_tablet=\u00bbinherit\u00bb column_padding_phone=\u00bbinherit\u00bb column_padding_position=\u00bball\u00bb background_color_opacity=\u00bb1&#8243; background_hover_color_opacity=\u00bb1&#8243; column_shadow=\u00bbnone\u00bb column_border_radius=\u00bbnone\u00bb column_link_target=\u00bb_self\u00bb gradient_direction=\u00bbleft_to_right\u00bb&#8230;<\/p>\n","protected":false},"author":1,"featured_media":0,"parent":1743,"menu_order":0,"comment_status":"closed","ping_status":"closed","template":"","meta":{"footnotes":""},"class_list":["post-1882","page","type-page","status-publish"],"yoast_head":"<!-- This site is optimized with the Yoast SEO plugin v24.0 - https:\/\/yoast.com\/wordpress\/plugins\/seo\/ -->\n<title>Sa mudada m\u00e9s antiga. Pe\u00e7a a pe\u00e7a - A Sant Josep, tots a casa!<\/title>\n<meta name=\"robots\" content=\"index, follow, max-snippet:-1, max-image-preview:large, max-video-preview:-1\" \/>\n<link rel=\"canonical\" href=\"https:\/\/totsacasa.santjosep.org\/es\/tradicion-y-cultura\/units-pel-nostre-parlar\/sa-mudada-mes-antiga-peca-a-peca\/\" \/>\n<meta property=\"og:locale\" content=\"es_ES\" \/>\n<meta property=\"og:type\" content=\"article\" \/>\n<meta property=\"og:title\" content=\"Sa mudada m\u00e9s antiga. Pe\u00e7a a pe\u00e7a - A Sant Josep, tots a casa!\" \/>\n<meta property=\"og:description\" content=\"[vc_row type=\u00bbin_container\u00bb full_screen_row_position=\u00bbmiddle\u00bb column_margin=\u00bbdefault\u00bb column_direction=\u00bbdefault\u00bb column_direction_tablet=\u00bbdefault\u00bb column_direction_phone=\u00bbdefault\u00bb scene_position=\u00bbcenter\u00bb top_padding=\u00bb50px\u00bb top_padding_tablet=\u00bb50px\u00bb top_padding_phone=\u00bb50px\u00bb text_color=\u00bbdark\u00bb text_align=\u00bbleft\u00bb row_border_radius=\u00bbnone\u00bb row_border_radius_applies=\u00bbbg\u00bb overlay_strength=\u00bb0.3&#8243; gradient_direction=\u00bbleft_to_right\u00bb shape_divider_position=\u00bbbottom\u00bb bg_image_animation=\u00bbnone\u00bb shape_type=\u00bb\u00bb][vc_column column_padding=\u00bbno-extra-padding\u00bb column_padding_tablet=\u00bbinherit\u00bb column_padding_phone=\u00bbinherit\u00bb column_padding_position=\u00bball\u00bb background_color_opacity=\u00bb1&#8243; background_hover_color_opacity=\u00bb1&#8243; column_shadow=\u00bbnone\u00bb column_border_radius=\u00bbnone\u00bb column_link_target=\u00bb_self\u00bb gradient_direction=\u00bbleft_to_right\u00bb...\" \/>\n<meta property=\"og:url\" content=\"https:\/\/totsacasa.santjosep.org\/es\/tradicion-y-cultura\/units-pel-nostre-parlar\/sa-mudada-mes-antiga-peca-a-peca\/\" \/>\n<meta property=\"og:site_name\" content=\"A Sant Josep, tots a casa!\" \/>\n<meta property=\"article:modified_time\" content=\"2021-11-22T13:20:42+00:00\" \/>\n<meta name=\"twitter:card\" content=\"summary_large_image\" \/>\n<meta name=\"twitter:label1\" content=\"Tiempo de lectura\" \/>\n\t<meta name=\"twitter:data1\" content=\"1 minuto\" \/>\n<script type=\"application\/ld+json\" class=\"yoast-schema-graph\">{\"@context\":\"https:\/\/schema.org\",\"@graph\":[{\"@type\":\"WebPage\",\"@id\":\"https:\/\/totsacasa.santjosep.org\/es\/tradicion-y-cultura\/units-pel-nostre-parlar\/sa-mudada-mes-antiga-peca-a-peca\/\",\"url\":\"https:\/\/totsacasa.santjosep.org\/es\/tradicion-y-cultura\/units-pel-nostre-parlar\/sa-mudada-mes-antiga-peca-a-peca\/\",\"name\":\"Sa mudada m\u00e9s antiga. Pe\u00e7a a pe\u00e7a - A Sant Josep, tots a casa!\",\"isPartOf\":{\"@id\":\"https:\/\/totsacasa.santjosep.org\/#website\"},\"datePublished\":\"2021-09-29T09:39:31+00:00\",\"dateModified\":\"2021-11-22T13:20:42+00:00\",\"breadcrumb\":{\"@id\":\"https:\/\/totsacasa.santjosep.org\/es\/tradicion-y-cultura\/units-pel-nostre-parlar\/sa-mudada-mes-antiga-peca-a-peca\/#breadcrumb\"},\"inLanguage\":\"es\",\"potentialAction\":[{\"@type\":\"ReadAction\",\"target\":[\"https:\/\/totsacasa.santjosep.org\/es\/tradicion-y-cultura\/units-pel-nostre-parlar\/sa-mudada-mes-antiga-peca-a-peca\/\"]}]},{\"@type\":\"BreadcrumbList\",\"@id\":\"https:\/\/totsacasa.santjosep.org\/es\/tradicion-y-cultura\/units-pel-nostre-parlar\/sa-mudada-mes-antiga-peca-a-peca\/#breadcrumb\",\"itemListElement\":[{\"@type\":\"ListItem\",\"position\":1,\"name\":\"Portada\",\"item\":\"https:\/\/totsacasa.santjosep.org\/es\/\"},{\"@type\":\"ListItem\",\"position\":2,\"name\":\"Tradici\u00f3n y cultura\",\"item\":\"https:\/\/totsacasa.santjosep.org\/es\/tradicion-y-cultura\/\"},{\"@type\":\"ListItem\",\"position\":3,\"name\":\"Units Pel Nostre Parlar\",\"item\":\"https:\/\/totsacasa.santjosep.org\/es\/tradicion-y-cultura\/units-pel-nostre-parlar\/\"},{\"@type\":\"ListItem\",\"position\":4,\"name\":\"Sa mudada m\u00e9s antiga. Pe\u00e7a a pe\u00e7a\"}]},{\"@type\":\"WebSite\",\"@id\":\"https:\/\/totsacasa.santjosep.org\/#website\",\"url\":\"https:\/\/totsacasa.santjosep.org\/\",\"name\":\"A Sant Josep, tots a casa!\",\"description\":\"\",\"publisher\":{\"@id\":\"https:\/\/totsacasa.santjosep.org\/#organization\"},\"potentialAction\":[{\"@type\":\"SearchAction\",\"target\":{\"@type\":\"EntryPoint\",\"urlTemplate\":\"https:\/\/totsacasa.santjosep.org\/?s={search_term_string}\"},\"query-input\":{\"@type\":\"PropertyValueSpecification\",\"valueRequired\":true,\"valueName\":\"search_term_string\"}}],\"inLanguage\":\"es\"},{\"@type\":\"Organization\",\"@id\":\"https:\/\/totsacasa.santjosep.org\/#organization\",\"name\":\"A Sant Josep tots a casa\",\"url\":\"https:\/\/totsacasa.santjosep.org\/\",\"logo\":{\"@type\":\"ImageObject\",\"inLanguage\":\"es\",\"@id\":\"https:\/\/totsacasa.santjosep.org\/#\/schema\/logo\/image\/\",\"url\":\"https:\/\/totsacasa.santjosep.org\/wp-content\/uploads\/2020\/04\/LogoSantJosep.png\",\"contentUrl\":\"https:\/\/totsacasa.santjosep.org\/wp-content\/uploads\/2020\/04\/LogoSantJosep.png\",\"width\":288,\"height\":288,\"caption\":\"A Sant Josep tots a casa\"},\"image\":{\"@id\":\"https:\/\/totsacasa.santjosep.org\/#\/schema\/logo\/image\/\"}}]}<\/script>\n<!-- \/ Yoast SEO plugin. -->","yoast_head_json":{"title":"Sa mudada m\u00e9s antiga. Pe\u00e7a a pe\u00e7a - A Sant Josep, tots a casa!","robots":{"index":"index","follow":"follow","max-snippet":"max-snippet:-1","max-image-preview":"max-image-preview:large","max-video-preview":"max-video-preview:-1"},"canonical":"https:\/\/totsacasa.santjosep.org\/es\/tradicion-y-cultura\/units-pel-nostre-parlar\/sa-mudada-mes-antiga-peca-a-peca\/","og_locale":"es_ES","og_type":"article","og_title":"Sa mudada m\u00e9s antiga. Pe\u00e7a a pe\u00e7a - A Sant Josep, tots a casa!","og_description":"[vc_row type=\u00bbin_container\u00bb full_screen_row_position=\u00bbmiddle\u00bb column_margin=\u00bbdefault\u00bb column_direction=\u00bbdefault\u00bb column_direction_tablet=\u00bbdefault\u00bb column_direction_phone=\u00bbdefault\u00bb scene_position=\u00bbcenter\u00bb top_padding=\u00bb50px\u00bb top_padding_tablet=\u00bb50px\u00bb top_padding_phone=\u00bb50px\u00bb text_color=\u00bbdark\u00bb text_align=\u00bbleft\u00bb row_border_radius=\u00bbnone\u00bb row_border_radius_applies=\u00bbbg\u00bb overlay_strength=\u00bb0.3&#8243; gradient_direction=\u00bbleft_to_right\u00bb shape_divider_position=\u00bbbottom\u00bb bg_image_animation=\u00bbnone\u00bb shape_type=\u00bb\u00bb][vc_column column_padding=\u00bbno-extra-padding\u00bb column_padding_tablet=\u00bbinherit\u00bb column_padding_phone=\u00bbinherit\u00bb column_padding_position=\u00bball\u00bb background_color_opacity=\u00bb1&#8243; background_hover_color_opacity=\u00bb1&#8243; column_shadow=\u00bbnone\u00bb column_border_radius=\u00bbnone\u00bb column_link_target=\u00bb_self\u00bb gradient_direction=\u00bbleft_to_right\u00bb...","og_url":"https:\/\/totsacasa.santjosep.org\/es\/tradicion-y-cultura\/units-pel-nostre-parlar\/sa-mudada-mes-antiga-peca-a-peca\/","og_site_name":"A Sant Josep, tots a casa!","article_modified_time":"2021-11-22T13:20:42+00:00","twitter_card":"summary_large_image","twitter_misc":{"Tiempo de lectura":"1 minuto"},"schema":{"@context":"https:\/\/schema.org","@graph":[{"@type":"WebPage","@id":"https:\/\/totsacasa.santjosep.org\/es\/tradicion-y-cultura\/units-pel-nostre-parlar\/sa-mudada-mes-antiga-peca-a-peca\/","url":"https:\/\/totsacasa.santjosep.org\/es\/tradicion-y-cultura\/units-pel-nostre-parlar\/sa-mudada-mes-antiga-peca-a-peca\/","name":"Sa mudada m\u00e9s antiga. Pe\u00e7a a pe\u00e7a - A Sant Josep, tots a casa!","isPartOf":{"@id":"https:\/\/totsacasa.santjosep.org\/#website"},"datePublished":"2021-09-29T09:39:31+00:00","dateModified":"2021-11-22T13:20:42+00:00","breadcrumb":{"@id":"https:\/\/totsacasa.santjosep.org\/es\/tradicion-y-cultura\/units-pel-nostre-parlar\/sa-mudada-mes-antiga-peca-a-peca\/#breadcrumb"},"inLanguage":"es","potentialAction":[{"@type":"ReadAction","target":["https:\/\/totsacasa.santjosep.org\/es\/tradicion-y-cultura\/units-pel-nostre-parlar\/sa-mudada-mes-antiga-peca-a-peca\/"]}]},{"@type":"BreadcrumbList","@id":"https:\/\/totsacasa.santjosep.org\/es\/tradicion-y-cultura\/units-pel-nostre-parlar\/sa-mudada-mes-antiga-peca-a-peca\/#breadcrumb","itemListElement":[{"@type":"ListItem","position":1,"name":"Portada","item":"https:\/\/totsacasa.santjosep.org\/es\/"},{"@type":"ListItem","position":2,"name":"Tradici\u00f3n y cultura","item":"https:\/\/totsacasa.santjosep.org\/es\/tradicion-y-cultura\/"},{"@type":"ListItem","position":3,"name":"Units Pel Nostre Parlar","item":"https:\/\/totsacasa.santjosep.org\/es\/tradicion-y-cultura\/units-pel-nostre-parlar\/"},{"@type":"ListItem","position":4,"name":"Sa mudada m\u00e9s antiga. Pe\u00e7a a pe\u00e7a"}]},{"@type":"WebSite","@id":"https:\/\/totsacasa.santjosep.org\/#website","url":"https:\/\/totsacasa.santjosep.org\/","name":"A Sant Josep, tots a casa!","description":"","publisher":{"@id":"https:\/\/totsacasa.santjosep.org\/#organization"},"potentialAction":[{"@type":"SearchAction","target":{"@type":"EntryPoint","urlTemplate":"https:\/\/totsacasa.santjosep.org\/?s={search_term_string}"},"query-input":{"@type":"PropertyValueSpecification","valueRequired":true,"valueName":"search_term_string"}}],"inLanguage":"es"},{"@type":"Organization","@id":"https:\/\/totsacasa.santjosep.org\/#organization","name":"A Sant Josep tots a casa","url":"https:\/\/totsacasa.santjosep.org\/","logo":{"@type":"ImageObject","inLanguage":"es","@id":"https:\/\/totsacasa.santjosep.org\/#\/schema\/logo\/image\/","url":"https:\/\/totsacasa.santjosep.org\/wp-content\/uploads\/2020\/04\/LogoSantJosep.png","contentUrl":"https:\/\/totsacasa.santjosep.org\/wp-content\/uploads\/2020\/04\/LogoSantJosep.png","width":288,"height":288,"caption":"A Sant Josep tots a casa"},"image":{"@id":"https:\/\/totsacasa.santjosep.org\/#\/schema\/logo\/image\/"}}]}},"_links":{"self":[{"href":"https:\/\/totsacasa.santjosep.org\/es\/wp-json\/wp\/v2\/pages\/1882","targetHints":{"allow":["GET"]}}],"collection":[{"href":"https:\/\/totsacasa.santjosep.org\/es\/wp-json\/wp\/v2\/pages"}],"about":[{"href":"https:\/\/totsacasa.santjosep.org\/es\/wp-json\/wp\/v2\/types\/page"}],"author":[{"embeddable":true,"href":"https:\/\/totsacasa.santjosep.org\/es\/wp-json\/wp\/v2\/users\/1"}],"replies":[{"embeddable":true,"href":"https:\/\/totsacasa.santjosep.org\/es\/wp-json\/wp\/v2\/comments?post=1882"}],"version-history":[{"count":1,"href":"https:\/\/totsacasa.santjosep.org\/es\/wp-json\/wp\/v2\/pages\/1882\/revisions"}],"predecessor-version":[{"id":1902,"href":"https:\/\/totsacasa.santjosep.org\/es\/wp-json\/wp\/v2\/pages\/1882\/revisions\/1902"}],"up":[{"embeddable":true,"href":"https:\/\/totsacasa.santjosep.org\/es\/wp-json\/wp\/v2\/pages\/1743"}],"wp:attachment":[{"href":"https:\/\/totsacasa.santjosep.org\/es\/wp-json\/wp\/v2\/media?parent=1882"}],"curies":[{"name":"wp","href":"https:\/\/api.w.org\/{rel}","templated":true}]}}