{"id":1790,"date":"2021-01-25T09:59:34","date_gmt":"2021-01-25T08:59:34","guid":{"rendered":"https:\/\/totsacasa.santjosep.org\/tradicion-y-cultura\/units-pel-nostre-parlar\/conferencia-llinatges-deivissa\/"},"modified":"2021-01-25T10:02:16","modified_gmt":"2021-01-25T09:02:16","slug":"conferencia-llinatges-deivissa","status":"publish","type":"page","link":"https:\/\/totsacasa.santjosep.org\/es\/tradicion-y-cultura\/units-pel-nostre-parlar\/conferencia-llinatges-deivissa\/","title":{"rendered":"Confer\u00e8ncia \u201cLlinatges d&#8217;Eivissa\u201d"},"content":{"rendered":"[vc_row type=\u00bbin_container\u00bb full_screen_row_position=\u00bbmiddle\u00bb column_margin=\u00bbdefault\u00bb column_direction=\u00bbdefault\u00bb column_direction_tablet=\u00bbdefault\u00bb column_direction_phone=\u00bbdefault\u00bb scene_position=\u00bbcenter\u00bb top_padding=\u00bb50&#8243; text_color=\u00bbdark\u00bb text_align=\u00bbleft\u00bb row_border_radius=\u00bbnone\u00bb row_border_radius_applies=\u00bbbg\u00bb overlay_strength=\u00bb0.3&#8243; gradient_direction=\u00bbleft_to_right\u00bb shape_divider_position=\u00bbbottom\u00bb bg_image_animation=\u00bbnone\u00bb shape_type=\u00bb\u00bb][vc_column column_padding=\u00bbno-extra-padding\u00bb column_padding_tablet=\u00bbinherit\u00bb column_padding_phone=\u00bbinherit\u00bb column_padding_position=\u00bball\u00bb background_color_opacity=\u00bb1&#8243; background_hover_color_opacity=\u00bb1&#8243; column_shadow=\u00bbnone\u00bb column_border_radius=\u00bbnone\u00bb column_link_target=\u00bb_self\u00bb gradient_direction=\u00bbleft_to_right\u00bb overlay_strength=\u00bb0.3&#8243; width=\u00bb1\/1&#8243; tablet_width_inherit=\u00bbdefault\u00bb tablet_text_alignment=\u00bbdefault\u00bb phone_text_alignment=\u00bbdefault\u00bb column_border_width=\u00bbnone\u00bb column_border_style=\u00bbsolid\u00bb bg_image_animation=\u00bbnone\u00bb][vc_column_text]\n<h3>Confer\u00e8ncia \u201cLlinatges d&#8217;Eivissa\u201d<\/h3>\n<h5>V\u00eddeo<\/h5>\n<p>Els llinatges neixen, b\u00e0sicament, amb una funci\u00f3 pr\u00e0ctica: en diverses \u00e8poques de la hist\u00f2ria de la humanitat s\u2019havia produ\u00eft un empobriment tan gran en la varietat dels noms propis de persona que es feien servir, que era necess\u00e0ria alguna soluci\u00f3 per distingir diverses persones que tenien un mateix nom: aix\u00ed neixen en principi els segons noms, que seran els futurs llinatges. Es posa com a refer\u00e8ncia de l\u2019inici la cultura llatina. Abans dels romans, est\u00e0 documentat que nom\u00e9s es feia servir un nom.[\/vc_column_text][\/vc_column][\/vc_row][vc_row type=\u00bbin_container\u00bb full_screen_row_position=\u00bbmiddle\u00bb column_margin=\u00bbdefault\u00bb column_direction=\u00bbdefault\u00bb column_direction_tablet=\u00bbdefault\u00bb column_direction_phone=\u00bbdefault\u00bb scene_position=\u00bbcenter\u00bb text_color=\u00bbdark\u00bb text_align=\u00bbleft\u00bb row_border_radius=\u00bbnone\u00bb row_border_radius_applies=\u00bbbg\u00bb overlay_strength=\u00bb0.3&#8243; gradient_direction=\u00bbleft_to_right\u00bb shape_divider_position=\u00bbbottom\u00bb bg_image_animation=\u00bbnone\u00bb][vc_column column_padding=\u00bbno-extra-padding\u00bb column_padding_tablet=\u00bbinherit\u00bb column_padding_phone=\u00bbinherit\u00bb column_padding_position=\u00bball\u00bb background_color_opacity=\u00bb1&#8243; background_hover_color_opacity=\u00bb1&#8243; column_shadow=\u00bbnone\u00bb column_border_radius=\u00bbnone\u00bb column_link_target=\u00bb_self\u00bb gradient_direction=\u00bbleft_to_right\u00bb overlay_strength=\u00bb0.3&#8243; width=\u00bb1\/1&#8243; tablet_width_inherit=\u00bbdefault\u00bb tablet_text_alignment=\u00bbdefault\u00bb phone_text_alignment=\u00bbdefault\u00bb column_border_width=\u00bbnone\u00bb column_border_style=\u00bbsolid\u00bb bg_image_animation=\u00bbnone\u00bb][vc_video link=\u00bbhttps:\/\/www.youtube.com\/watch?v=VRt2c0KlaDA\u00bb][\/vc_column][\/vc_row]\n","protected":false},"excerpt":{"rendered":"<p>[vc_row type=\u00bbin_container\u00bb full_screen_row_position=\u00bbmiddle\u00bb column_margin=\u00bbdefault\u00bb column_direction=\u00bbdefault\u00bb column_direction_tablet=\u00bbdefault\u00bb column_direction_phone=\u00bbdefault\u00bb scene_position=\u00bbcenter\u00bb top_padding=\u00bb50&#8243; text_color=\u00bbdark\u00bb text_align=\u00bbleft\u00bb row_border_radius=\u00bbnone\u00bb row_border_radius_applies=\u00bbbg\u00bb overlay_strength=\u00bb0.3&#8243; gradient_direction=\u00bbleft_to_right\u00bb shape_divider_position=\u00bbbottom\u00bb bg_image_animation=\u00bbnone\u00bb shape_type=\u00bb\u00bb][vc_column column_padding=\u00bbno-extra-padding\u00bb column_padding_tablet=\u00bbinherit\u00bb column_padding_phone=\u00bbinherit\u00bb column_padding_position=\u00bball\u00bb background_color_opacity=\u00bb1&#8243; background_hover_color_opacity=\u00bb1&#8243; column_shadow=\u00bbnone\u00bb column_border_radius=\u00bbnone\u00bb column_link_target=\u00bb_self\u00bb gradient_direction=\u00bbleft_to_right\u00bb overlay_strength=\u00bb0.3&#8243; width=\u00bb1\/1&#8243;&#8230;<\/p>\n","protected":false},"author":1,"featured_media":1786,"parent":1743,"menu_order":0,"comment_status":"closed","ping_status":"closed","template":"","meta":{"footnotes":""},"class_list":["post-1790","page","type-page","status-publish","has-post-thumbnail"],"yoast_head":"<!-- This site is optimized with the Yoast SEO plugin v24.0 - https:\/\/yoast.com\/wordpress\/plugins\/seo\/ -->\n<title>Confer\u00e8ncia \u201cLlinatges d&#039;Eivissa\u201d - A Sant Josep, tots a casa!<\/title>\n<meta name=\"robots\" content=\"index, follow, max-snippet:-1, max-image-preview:large, max-video-preview:-1\" \/>\n<link rel=\"canonical\" href=\"https:\/\/totsacasa.santjosep.org\/es\/tradicion-y-cultura\/units-pel-nostre-parlar\/conferencia-llinatges-deivissa\/\" \/>\n<meta property=\"og:locale\" content=\"es_ES\" \/>\n<meta property=\"og:type\" content=\"article\" \/>\n<meta property=\"og:title\" content=\"Confer\u00e8ncia \u201cLlinatges d&#039;Eivissa\u201d - A Sant Josep, tots a casa!\" \/>\n<meta property=\"og:description\" content=\"[vc_row type=\u00bbin_container\u00bb full_screen_row_position=\u00bbmiddle\u00bb column_margin=\u00bbdefault\u00bb column_direction=\u00bbdefault\u00bb column_direction_tablet=\u00bbdefault\u00bb column_direction_phone=\u00bbdefault\u00bb scene_position=\u00bbcenter\u00bb top_padding=\u00bb50&#8243; text_color=\u00bbdark\u00bb text_align=\u00bbleft\u00bb row_border_radius=\u00bbnone\u00bb row_border_radius_applies=\u00bbbg\u00bb overlay_strength=\u00bb0.3&#8243; gradient_direction=\u00bbleft_to_right\u00bb shape_divider_position=\u00bbbottom\u00bb bg_image_animation=\u00bbnone\u00bb shape_type=\u00bb\u00bb][vc_column column_padding=\u00bbno-extra-padding\u00bb column_padding_tablet=\u00bbinherit\u00bb column_padding_phone=\u00bbinherit\u00bb column_padding_position=\u00bball\u00bb background_color_opacity=\u00bb1&#8243; background_hover_color_opacity=\u00bb1&#8243; column_shadow=\u00bbnone\u00bb column_border_radius=\u00bbnone\u00bb column_link_target=\u00bb_self\u00bb gradient_direction=\u00bbleft_to_right\u00bb overlay_strength=\u00bb0.3&#8243; width=\u00bb1\/1&#8243;...\" \/>\n<meta property=\"og:url\" content=\"https:\/\/totsacasa.santjosep.org\/es\/tradicion-y-cultura\/units-pel-nostre-parlar\/conferencia-llinatges-deivissa\/\" \/>\n<meta property=\"og:site_name\" content=\"A Sant Josep, tots a casa!\" \/>\n<meta property=\"article:modified_time\" content=\"2021-01-25T09:02:16+00:00\" \/>\n<meta property=\"og:image\" content=\"https:\/\/totsacasa.santjosep.org\/wp-content\/uploads\/2021\/01\/llinatges.jpg\" \/>\n\t<meta property=\"og:image:width\" content=\"1158\" \/>\n\t<meta property=\"og:image:height\" content=\"868\" \/>\n\t<meta property=\"og:image:type\" content=\"image\/jpeg\" \/>\n<meta name=\"twitter:card\" content=\"summary_large_image\" \/>\n<meta name=\"twitter:label1\" content=\"Tiempo de lectura\" \/>\n\t<meta name=\"twitter:data1\" content=\"2 minutos\" \/>\n<script type=\"application\/ld+json\" class=\"yoast-schema-graph\">{\"@context\":\"https:\/\/schema.org\",\"@graph\":[{\"@type\":\"WebPage\",\"@id\":\"https:\/\/totsacasa.santjosep.org\/es\/tradicion-y-cultura\/units-pel-nostre-parlar\/conferencia-llinatges-deivissa\/\",\"url\":\"https:\/\/totsacasa.santjosep.org\/es\/tradicion-y-cultura\/units-pel-nostre-parlar\/conferencia-llinatges-deivissa\/\",\"name\":\"Confer\u00e8ncia \u201cLlinatges d'Eivissa\u201d - A Sant Josep, tots a casa!\",\"isPartOf\":{\"@id\":\"https:\/\/totsacasa.santjosep.org\/#website\"},\"primaryImageOfPage\":{\"@id\":\"https:\/\/totsacasa.santjosep.org\/es\/tradicion-y-cultura\/units-pel-nostre-parlar\/conferencia-llinatges-deivissa\/#primaryimage\"},\"image\":{\"@id\":\"https:\/\/totsacasa.santjosep.org\/es\/tradicion-y-cultura\/units-pel-nostre-parlar\/conferencia-llinatges-deivissa\/#primaryimage\"},\"thumbnailUrl\":\"https:\/\/totsacasa.santjosep.org\/wp-content\/uploads\/2021\/01\/llinatges.jpg\",\"datePublished\":\"2021-01-25T08:59:34+00:00\",\"dateModified\":\"2021-01-25T09:02:16+00:00\",\"breadcrumb\":{\"@id\":\"https:\/\/totsacasa.santjosep.org\/es\/tradicion-y-cultura\/units-pel-nostre-parlar\/conferencia-llinatges-deivissa\/#breadcrumb\"},\"inLanguage\":\"es\",\"potentialAction\":[{\"@type\":\"ReadAction\",\"target\":[\"https:\/\/totsacasa.santjosep.org\/es\/tradicion-y-cultura\/units-pel-nostre-parlar\/conferencia-llinatges-deivissa\/\"]}]},{\"@type\":\"ImageObject\",\"inLanguage\":\"es\",\"@id\":\"https:\/\/totsacasa.santjosep.org\/es\/tradicion-y-cultura\/units-pel-nostre-parlar\/conferencia-llinatges-deivissa\/#primaryimage\",\"url\":\"https:\/\/totsacasa.santjosep.org\/wp-content\/uploads\/2021\/01\/llinatges.jpg\",\"contentUrl\":\"https:\/\/totsacasa.santjosep.org\/wp-content\/uploads\/2021\/01\/llinatges.jpg\",\"width\":1158,\"height\":868},{\"@type\":\"BreadcrumbList\",\"@id\":\"https:\/\/totsacasa.santjosep.org\/es\/tradicion-y-cultura\/units-pel-nostre-parlar\/conferencia-llinatges-deivissa\/#breadcrumb\",\"itemListElement\":[{\"@type\":\"ListItem\",\"position\":1,\"name\":\"Portada\",\"item\":\"https:\/\/totsacasa.santjosep.org\/es\/\"},{\"@type\":\"ListItem\",\"position\":2,\"name\":\"Tradici\u00f3n y cultura\",\"item\":\"https:\/\/totsacasa.santjosep.org\/es\/tradicion-y-cultura\/\"},{\"@type\":\"ListItem\",\"position\":3,\"name\":\"Units Pel Nostre Parlar\",\"item\":\"https:\/\/totsacasa.santjosep.org\/es\/tradicion-y-cultura\/units-pel-nostre-parlar\/\"},{\"@type\":\"ListItem\",\"position\":4,\"name\":\"Confer\u00e8ncia \u201cLlinatges d&#8217;Eivissa\u201d\"}]},{\"@type\":\"WebSite\",\"@id\":\"https:\/\/totsacasa.santjosep.org\/#website\",\"url\":\"https:\/\/totsacasa.santjosep.org\/\",\"name\":\"A Sant Josep, tots a casa!\",\"description\":\"\",\"publisher\":{\"@id\":\"https:\/\/totsacasa.santjosep.org\/#organization\"},\"potentialAction\":[{\"@type\":\"SearchAction\",\"target\":{\"@type\":\"EntryPoint\",\"urlTemplate\":\"https:\/\/totsacasa.santjosep.org\/?s={search_term_string}\"},\"query-input\":{\"@type\":\"PropertyValueSpecification\",\"valueRequired\":true,\"valueName\":\"search_term_string\"}}],\"inLanguage\":\"es\"},{\"@type\":\"Organization\",\"@id\":\"https:\/\/totsacasa.santjosep.org\/#organization\",\"name\":\"A Sant Josep tots a casa\",\"url\":\"https:\/\/totsacasa.santjosep.org\/\",\"logo\":{\"@type\":\"ImageObject\",\"inLanguage\":\"es\",\"@id\":\"https:\/\/totsacasa.santjosep.org\/#\/schema\/logo\/image\/\",\"url\":\"https:\/\/totsacasa.santjosep.org\/wp-content\/uploads\/2020\/04\/LogoSantJosep.png\",\"contentUrl\":\"https:\/\/totsacasa.santjosep.org\/wp-content\/uploads\/2020\/04\/LogoSantJosep.png\",\"width\":288,\"height\":288,\"caption\":\"A Sant Josep tots a casa\"},\"image\":{\"@id\":\"https:\/\/totsacasa.santjosep.org\/#\/schema\/logo\/image\/\"}}]}<\/script>\n<!-- \/ Yoast SEO plugin. -->","yoast_head_json":{"title":"Confer\u00e8ncia \u201cLlinatges d'Eivissa\u201d - A Sant Josep, tots a casa!","robots":{"index":"index","follow":"follow","max-snippet":"max-snippet:-1","max-image-preview":"max-image-preview:large","max-video-preview":"max-video-preview:-1"},"canonical":"https:\/\/totsacasa.santjosep.org\/es\/tradicion-y-cultura\/units-pel-nostre-parlar\/conferencia-llinatges-deivissa\/","og_locale":"es_ES","og_type":"article","og_title":"Confer\u00e8ncia \u201cLlinatges d'Eivissa\u201d - A Sant Josep, tots a casa!","og_description":"[vc_row type=\u00bbin_container\u00bb full_screen_row_position=\u00bbmiddle\u00bb column_margin=\u00bbdefault\u00bb column_direction=\u00bbdefault\u00bb column_direction_tablet=\u00bbdefault\u00bb column_direction_phone=\u00bbdefault\u00bb scene_position=\u00bbcenter\u00bb top_padding=\u00bb50&#8243; text_color=\u00bbdark\u00bb text_align=\u00bbleft\u00bb row_border_radius=\u00bbnone\u00bb row_border_radius_applies=\u00bbbg\u00bb overlay_strength=\u00bb0.3&#8243; gradient_direction=\u00bbleft_to_right\u00bb shape_divider_position=\u00bbbottom\u00bb bg_image_animation=\u00bbnone\u00bb shape_type=\u00bb\u00bb][vc_column column_padding=\u00bbno-extra-padding\u00bb column_padding_tablet=\u00bbinherit\u00bb column_padding_phone=\u00bbinherit\u00bb column_padding_position=\u00bball\u00bb background_color_opacity=\u00bb1&#8243; background_hover_color_opacity=\u00bb1&#8243; column_shadow=\u00bbnone\u00bb column_border_radius=\u00bbnone\u00bb column_link_target=\u00bb_self\u00bb gradient_direction=\u00bbleft_to_right\u00bb overlay_strength=\u00bb0.3&#8243; width=\u00bb1\/1&#8243;...","og_url":"https:\/\/totsacasa.santjosep.org\/es\/tradicion-y-cultura\/units-pel-nostre-parlar\/conferencia-llinatges-deivissa\/","og_site_name":"A Sant Josep, tots a casa!","article_modified_time":"2021-01-25T09:02:16+00:00","og_image":[{"width":1158,"height":868,"url":"https:\/\/totsacasa.santjosep.org\/wp-content\/uploads\/2021\/01\/llinatges.jpg","type":"image\/jpeg"}],"twitter_card":"summary_large_image","twitter_misc":{"Tiempo de lectura":"2 minutos"},"schema":{"@context":"https:\/\/schema.org","@graph":[{"@type":"WebPage","@id":"https:\/\/totsacasa.santjosep.org\/es\/tradicion-y-cultura\/units-pel-nostre-parlar\/conferencia-llinatges-deivissa\/","url":"https:\/\/totsacasa.santjosep.org\/es\/tradicion-y-cultura\/units-pel-nostre-parlar\/conferencia-llinatges-deivissa\/","name":"Confer\u00e8ncia \u201cLlinatges d'Eivissa\u201d - A Sant Josep, tots a casa!","isPartOf":{"@id":"https:\/\/totsacasa.santjosep.org\/#website"},"primaryImageOfPage":{"@id":"https:\/\/totsacasa.santjosep.org\/es\/tradicion-y-cultura\/units-pel-nostre-parlar\/conferencia-llinatges-deivissa\/#primaryimage"},"image":{"@id":"https:\/\/totsacasa.santjosep.org\/es\/tradicion-y-cultura\/units-pel-nostre-parlar\/conferencia-llinatges-deivissa\/#primaryimage"},"thumbnailUrl":"https:\/\/totsacasa.santjosep.org\/wp-content\/uploads\/2021\/01\/llinatges.jpg","datePublished":"2021-01-25T08:59:34+00:00","dateModified":"2021-01-25T09:02:16+00:00","breadcrumb":{"@id":"https:\/\/totsacasa.santjosep.org\/es\/tradicion-y-cultura\/units-pel-nostre-parlar\/conferencia-llinatges-deivissa\/#breadcrumb"},"inLanguage":"es","potentialAction":[{"@type":"ReadAction","target":["https:\/\/totsacasa.santjosep.org\/es\/tradicion-y-cultura\/units-pel-nostre-parlar\/conferencia-llinatges-deivissa\/"]}]},{"@type":"ImageObject","inLanguage":"es","@id":"https:\/\/totsacasa.santjosep.org\/es\/tradicion-y-cultura\/units-pel-nostre-parlar\/conferencia-llinatges-deivissa\/#primaryimage","url":"https:\/\/totsacasa.santjosep.org\/wp-content\/uploads\/2021\/01\/llinatges.jpg","contentUrl":"https:\/\/totsacasa.santjosep.org\/wp-content\/uploads\/2021\/01\/llinatges.jpg","width":1158,"height":868},{"@type":"BreadcrumbList","@id":"https:\/\/totsacasa.santjosep.org\/es\/tradicion-y-cultura\/units-pel-nostre-parlar\/conferencia-llinatges-deivissa\/#breadcrumb","itemListElement":[{"@type":"ListItem","position":1,"name":"Portada","item":"https:\/\/totsacasa.santjosep.org\/es\/"},{"@type":"ListItem","position":2,"name":"Tradici\u00f3n y cultura","item":"https:\/\/totsacasa.santjosep.org\/es\/tradicion-y-cultura\/"},{"@type":"ListItem","position":3,"name":"Units Pel Nostre Parlar","item":"https:\/\/totsacasa.santjosep.org\/es\/tradicion-y-cultura\/units-pel-nostre-parlar\/"},{"@type":"ListItem","position":4,"name":"Confer\u00e8ncia \u201cLlinatges d&#8217;Eivissa\u201d"}]},{"@type":"WebSite","@id":"https:\/\/totsacasa.santjosep.org\/#website","url":"https:\/\/totsacasa.santjosep.org\/","name":"A Sant Josep, tots a casa!","description":"","publisher":{"@id":"https:\/\/totsacasa.santjosep.org\/#organization"},"potentialAction":[{"@type":"SearchAction","target":{"@type":"EntryPoint","urlTemplate":"https:\/\/totsacasa.santjosep.org\/?s={search_term_string}"},"query-input":{"@type":"PropertyValueSpecification","valueRequired":true,"valueName":"search_term_string"}}],"inLanguage":"es"},{"@type":"Organization","@id":"https:\/\/totsacasa.santjosep.org\/#organization","name":"A Sant Josep tots a casa","url":"https:\/\/totsacasa.santjosep.org\/","logo":{"@type":"ImageObject","inLanguage":"es","@id":"https:\/\/totsacasa.santjosep.org\/#\/schema\/logo\/image\/","url":"https:\/\/totsacasa.santjosep.org\/wp-content\/uploads\/2020\/04\/LogoSantJosep.png","contentUrl":"https:\/\/totsacasa.santjosep.org\/wp-content\/uploads\/2020\/04\/LogoSantJosep.png","width":288,"height":288,"caption":"A Sant Josep tots a casa"},"image":{"@id":"https:\/\/totsacasa.santjosep.org\/#\/schema\/logo\/image\/"}}]}},"_links":{"self":[{"href":"https:\/\/totsacasa.santjosep.org\/es\/wp-json\/wp\/v2\/pages\/1790","targetHints":{"allow":["GET"]}}],"collection":[{"href":"https:\/\/totsacasa.santjosep.org\/es\/wp-json\/wp\/v2\/pages"}],"about":[{"href":"https:\/\/totsacasa.santjosep.org\/es\/wp-json\/wp\/v2\/types\/page"}],"author":[{"embeddable":true,"href":"https:\/\/totsacasa.santjosep.org\/es\/wp-json\/wp\/v2\/users\/1"}],"replies":[{"embeddable":true,"href":"https:\/\/totsacasa.santjosep.org\/es\/wp-json\/wp\/v2\/comments?post=1790"}],"version-history":[{"count":2,"href":"https:\/\/totsacasa.santjosep.org\/es\/wp-json\/wp\/v2\/pages\/1790\/revisions"}],"predecessor-version":[{"id":1792,"href":"https:\/\/totsacasa.santjosep.org\/es\/wp-json\/wp\/v2\/pages\/1790\/revisions\/1792"}],"up":[{"embeddable":true,"href":"https:\/\/totsacasa.santjosep.org\/es\/wp-json\/wp\/v2\/pages\/1743"}],"wp:featuredmedia":[{"embeddable":true,"href":"https:\/\/totsacasa.santjosep.org\/es\/wp-json\/wp\/v2\/media\/1786"}],"wp:attachment":[{"href":"https:\/\/totsacasa.santjosep.org\/es\/wp-json\/wp\/v2\/media?parent=1790"}],"curies":[{"name":"wp","href":"https:\/\/api.w.org\/{rel}","templated":true}]}}